{"id":226462,"date":"2022-11-05T16:21:51","date_gmt":"2022-11-05T16:21:51","guid":{"rendered":"https:\/\/www.visiomed-group.com\/corporate-governance\/"},"modified":"2024-04-03T11:56:15","modified_gmt":"2024-04-03T11:56:15","slug":"corporate-governance","status":"publish","type":"page","link":"https:\/\/www.visiomed-group.com\/en\/corporate-governance\/","title":{"rendered":"Corporate Governance"},"content":{"rendered":"<p>[et_pb_section fb_built=&#8221;1&#8243; admin_label=&#8221;Header&#8221; _builder_version=&#8221;4.17.6&#8243; _module_preset=&#8221;default&#8221; background_color=&#8221;RGBA(255,255,255,0)&#8221; use_background_color_gradient=&#8221;on&#8221; background_color_gradient_stops=&#8221;rgba(32,76,141,0.7) 0%|#204c8d 100%&#8221; background_color_gradient_overlays_image=&#8221;on&#8221; background_image=&#8221;https:\/\/www.visiomed.fr\/wp-content\/uploads\/2022\/09\/fabien-maurin-PGfunU4fEQE-unsplash.jpg&#8221; parallax=&#8221;on&#8221; custom_padding=&#8221;15%||15%||true|false&#8221; locked=&#8221;off&#8221; collapsed=&#8221;on&#8221; global_colors_info=&#8221;{}&#8221;][et_pb_row _builder_version=&#8221;4.17.6&#8243; _module_preset=&#8221;default&#8221; z_index=&#8221;1&#8243; max_width=&#8221;900px&#8221; module_alignment=&#8221;center&#8221; global_colors_info=&#8221;{}&#8221;][et_pb_column type=&#8221;4_4&#8243; _builder_version=&#8221;4.17.6&#8243; _module_preset=&#8221;default&#8221; global_colors_info=&#8221;{}&#8221;][et_pb_text _builder_version=&#8221;4.17.6&#8243; _module_preset=&#8221;c16985e1-e0d6-4022-964d-e2bfc04fa633&#8243; header_font=&#8221;|700|||||||&#8221; header_text_color=&#8221;#FFFFFF&#8221; header_font_size=&#8221;72px&#8221; header_line_height=&#8221;1.2em&#8221; text_orientation=&#8221;center&#8221; header_font_size_tablet=&#8221;40px&#8221; header_font_size_phone=&#8221;24px&#8221; header_font_size_last_edited=&#8221;on|desktop&#8221; global_colors_info=&#8221;{}&#8221;]<\/p>\n<h1>Our Governance<\/h1>\n<p>[\/et_pb_text][et_pb_text _builder_version=&#8221;4.17.6&#8243; _module_preset=&#8221;518880c8-46c7-4ffa-b5a6-93ffa99dcc17&#8243; text_font=&#8221;Hind||||||||&#8221; text_text_color=&#8221;#FFFFFF&#8221; text_font_size=&#8221;18px&#8221; text_line_height=&#8221;1.6em&#8221; link_text_color=&#8221;#23CDE7&#8243; text_orientation=&#8221;center&#8221; text_font_size_tablet=&#8221;16px&#8221; text_font_size_phone=&#8221;14px&#8221; text_font_size_last_edited=&#8221;on|phone&#8221; global_colors_info=&#8221;{}&#8221;]<\/p>\n<p>A simple governance, with strong experience in structuring, strategic developments and external growth, based on efficient and transparent decision-making processes.<\/p>\n<p>&nbsp;<\/p>\n<p>[\/et_pb_text][\/et_pb_column][\/et_pb_row][\/et_pb_section][et_pb_section fb_built=&#8221;1&#8243; admin_label=&#8221;Team&#8221; _builder_version=&#8221;4.17.6&#8243; _module_preset=&#8221;default&#8221; background_enable_color=&#8221;off&#8221; use_background_color_gradient=&#8221;on&#8221; background_color_gradient_stops=&#8221;rgba(0,0,0,0) 0%|#204c8d 100%&#8221; background_color_gradient_overlays_image=&#8221;on&#8221; background_image=&#8221;https:\/\/www.visiomed.fr\/wp-content\/uploads\/2022\/10\/jean-philippe-delberghe-75xPHEQBmvA-unsplash-1-scaled.jpg&#8221; parallax=&#8221;on&#8221; global_colors_info=&#8221;{}&#8221;][et_pb_row _builder_version=&#8221;4.16&#8243; _module_preset=&#8221;default&#8221; global_colors_info=&#8221;{}&#8221;][et_pb_column type=&#8221;4_4&#8243; _builder_version=&#8221;4.16&#8243; _module_preset=&#8221;default&#8221; global_colors_info=&#8221;{}&#8221;][et_pb_text _builder_version=&#8221;4.17.6&#8243; _module_preset=&#8221;003e9429-8e11-4d9e-968b-8881092bbf81&#8243; header_text_color=&#8221;#204c8d&#8221; header_2_font=&#8221;|600|||||||&#8221; header_2_text_align=&#8221;center&#8221; header_2_text_color=&#8221;#204c8d&#8221; header_2_font_size=&#8221;48px&#8221; header_2_line_height=&#8221;1.1em&#8221; max_width=&#8221;600px&#8221; module_alignment=&#8221;left&#8221; custom_margin=&#8221;||0px||false|false&#8221; header_2_font_size_tablet=&#8221;32px&#8221; header_2_font_size_phone=&#8221;20px&#8221; header_2_font_size_last_edited=&#8221;on|desktop&#8221; header_2_line_height_tablet=&#8221;1.2em&#8221; header_2_line_height_phone=&#8221;&#8221; header_2_line_height_last_edited=&#8221;on|phone&#8221; locked=&#8221;off&#8221; global_colors_info=&#8221;{}&#8221;]<\/p>\n<h2>Board of directors<\/h2>\n<p>[\/et_pb_text][\/et_pb_column][\/et_pb_row][et_pb_row column_structure=&#8221;1_4,3_4&#8243; _builder_version=&#8221;4.16&#8243; _module_preset=&#8221;default&#8221; global_colors_info=&#8221;{}&#8221;][et_pb_column type=&#8221;1_4&#8243; _builder_version=&#8221;4.16&#8243; _module_preset=&#8221;default&#8221; global_colors_info=&#8221;{}&#8221;][et_pb_image src=&#8221;https:\/\/www.visiomed.fr\/wp-content\/uploads\/2022\/08\/1639121216200.jpg&#8221; alt=&#8221;Guillaume Bremond&#8221; title_text=&#8221;Guillaume Bremond&#8221; show_bottom_space=&#8221;off&#8221; _builder_version=&#8221;4.17.6&#8243; _module_preset=&#8221;default&#8221; max_height=&#8221;1000px&#8221; global_colors_info=&#8221;{}&#8221;][\/et_pb_image][\/et_pb_column][et_pb_column type=&#8221;3_4&#8243; _builder_version=&#8221;4.16&#8243; _module_preset=&#8221;default&#8221; global_colors_info=&#8221;{}&#8221;][et_pb_team_member name=&#8221;Guillaume Bremond&#8221; position=&#8221;Chairman&#8221; linkedin_url=&#8221;https:\/\/www.linkedin.com\/in\/guillaume-bremond-b982411a\/&#8221; icon_color=&#8221;#4C594C&#8221; _builder_version=&#8221;4.17.6&#8243; _module_preset=&#8221;default&#8221; header_font=&#8221;Outfit|700|||||||&#8221; header_text_color=&#8221;#000000&#8243; header_font_size=&#8221;18px&#8221; header_line_height=&#8221;1.1em&#8221; position_line_height=&#8221;1.8em&#8221; background_color=&#8221;#FFFFFF&#8221; custom_padding=&#8221;20px|20px|20px|20px|true|true&#8221; header_font_size_tablet=&#8221;17px&#8221; header_font_size_phone=&#8221;16px&#8221; header_font_size_last_edited=&#8221;on|desktop&#8221; global_colors_info=&#8221;{}&#8221;]<\/p>\n<p style=\"text-align: justify;\">Guillaume Bremond is a corporate finance specialist with over 12 years of experience in investment funds and investment banking. Guillaume joined Perpetua Investment Group in 2020 from UBS Investment Banking where he was Head of M&amp;A for the MENA region. Prior to that, he worked as an M&amp;A advisor at Deutsche Bank in London.<\/p>\n<p>[\/et_pb_team_member][\/et_pb_column][\/et_pb_row][et_pb_row column_structure=&#8221;1_4,3_4&#8243; _builder_version=&#8221;4.16&#8243; _module_preset=&#8221;default&#8221; global_colors_info=&#8221;{}&#8221;][et_pb_column type=&#8221;1_4&#8243; _builder_version=&#8221;4.16&#8243; _module_preset=&#8221;default&#8221; global_colors_info=&#8221;{}&#8221;][et_pb_image alt=&#8221;Cl\u00e9mend Pacaud&#8221; title_text=&#8221;ClementPacaud&#8221; _builder_version=&#8221;4.24.2&#8243; _module_preset=&#8221;default&#8221; hover_enabled=&#8221;0&#8243; global_colors_info=&#8221;{}&#8221; src=&#8221;https:\/\/www.visiomed-group.com\/wp-content\/uploads\/2024\/04\/ClementPacaud.png&#8221; sticky_enabled=&#8221;0&#8243;][\/et_pb_image][\/et_pb_column][et_pb_column type=&#8221;3_4&#8243; _builder_version=&#8221;4.16&#8243; _module_preset=&#8221;default&#8221; global_colors_info=&#8221;{}&#8221;][et_pb_team_member name=&#8221;Cl\u00e9ment Pacaud&#8221; position=&#8221;CEO&#8221; linkedin_url=&#8221;https:\/\/www.linkedin.com\/in\/cl%C3%A9ment-pacaud-702b2065\/&#8221; icon_color=&#8221;#4C594C&#8221; _builder_version=&#8221;4.24.0&#8243; _module_preset=&#8221;default&#8221; header_font=&#8221;Outfit|700|||||||&#8221; header_text_color=&#8221;#000000&#8243; header_font_size=&#8221;18px&#8221; header_line_height=&#8221;1.1em&#8221; position_line_height=&#8221;1.8em&#8221; background_color=&#8221;#FFFFFF&#8221; custom_padding=&#8221;20px|20px|20px|20px|true|true&#8221; header_font_size_tablet=&#8221;17px&#8221; header_font_size_phone=&#8221;16px&#8221; header_font_size_last_edited=&#8221;on|desktop&#8221; global_colors_info=&#8221;{}&#8221;]<\/p>\n<div class=\"qode-accordion-holder clearfix qode-toggle qode-initial accordion ui-accordion ui-accordion-icons ui-widget ui-helper-reset\" style=\"text-align: justify;\">\n<div class=\"qode-accordion-content ui-accordion-content ui-helper-reset ui-widget-content ui-corner-bottom ui-accordion-content-active\">\n<div class=\"qode-accordion-content-inner\">\n<div class=\"wpb_text_column wpb_content_element \">\n<div class=\"wpb_wrapper\">\n<p>Cl\u00e9ment brings over 12 years of experience, with 10 years spent in the Gulf countries, overseeing businesses, driving financial and operational strategies, managing acquisitions, structuring complex international joint ventures, and guiding high-growth technological startups and industrial enterprises. Previously, he served as the Chief Financial Officer of Lahab, a company within the EDGE group (a UAE-based conglomerate specializing in defense, aerospace, and new technologies), where he led the restructuring of this strategic asset in Abu Dhabi. Since 2022, he has been the Chief Financial Officer of the private equity firm Perpetua Investment Group in Dubai.<\/p>\n<\/div>\n<\/div>\n<\/div>\n<\/div>\n<\/div>\n<p>[\/et_pb_team_member][\/et_pb_column][\/et_pb_row][et_pb_row column_structure=&#8221;1_4,3_4&#8243; _builder_version=&#8221;4.16&#8243; _module_preset=&#8221;default&#8221; global_colors_info=&#8221;{}&#8221;][et_pb_column type=&#8221;1_4&#8243; _builder_version=&#8221;4.16&#8243; _module_preset=&#8221;default&#8221; global_colors_info=&#8221;{}&#8221;][et_pb_image src=&#8221;https:\/\/www.visiomed.fr\/wp-content\/uploads\/2022\/08\/1542834822558.jpg&#8221; alt=&#8221;Anne GAIGNARD&#8221; title_text=&#8221;Anne GAIGNARD&#8221; show_bottom_space=&#8221;off&#8221; _builder_version=&#8221;4.17.6&#8243; _module_preset=&#8221;default&#8221; global_colors_info=&#8221;{}&#8221;][\/et_pb_image][\/et_pb_column][et_pb_column type=&#8221;3_4&#8243; _builder_version=&#8221;4.16&#8243; _module_preset=&#8221;default&#8221; global_colors_info=&#8221;{}&#8221;][et_pb_team_member name=&#8221;Anne Gaignard&#8221; position=&#8221;Independent Director&#8221; linkedin_url=&#8221;https:\/\/www.linkedin.com\/in\/annegaignard\/&#8221; icon_color=&#8221;#4C594C&#8221; _builder_version=&#8221;4.17.6&#8243; _module_preset=&#8221;default&#8221; header_font=&#8221;Outfit|700|||||||&#8221; header_text_color=&#8221;#000000&#8243; header_font_size=&#8221;18px&#8221; header_line_height=&#8221;1.1em&#8221; position_line_height=&#8221;1.8em&#8221; background_color=&#8221;#FFFFFF&#8221; custom_padding=&#8221;20px|20px|20px|20px|true|true&#8221; header_font_size_tablet=&#8221;17px&#8221; header_font_size_phone=&#8221;16px&#8221; header_font_size_last_edited=&#8221;on|desktop&#8221; global_colors_info=&#8221;{}&#8221;]<\/p>\n<div class=\"qode-accordion-holder clearfix qode-toggle qode-initial accordion ui-accordion ui-accordion-icons ui-widget ui-helper-reset\" style=\"text-align: justify;\">\n<div class=\"qode-accordion-content ui-accordion-content ui-helper-reset ui-widget-content ui-corner-bottom ui-accordion-content-active\">\n<div class=\"qode-accordion-content-inner\">\n<div class=\"wpb_text_column wpb_content_element \">\n<div class=\"wpb_wrapper\">\n<p>Anne Gaignard has 35 years of experience in the financial markets sector. Anne started her career at Soci\u00e9t\u00e9 G\u00e9n\u00e9rale before joining Euronext for nearly 25 years where she was Head of Development and Head of Client Relations for Western Europe.<\/p>\n<\/div>\n<\/div>\n<\/div>\n<\/div>\n<\/div>\n<p>[\/et_pb_team_member][\/et_pb_column][\/et_pb_row][et_pb_row column_structure=&#8221;1_4,3_4&#8243; disabled_on=&#8221;on|on|on&#8221; _builder_version=&#8221;4.16&#8243; _module_preset=&#8221;default&#8221; disabled=&#8221;on&#8221; global_colors_info=&#8221;{}&#8221;][et_pb_column type=&#8221;1_4&#8243; _builder_version=&#8221;4.16&#8243; _module_preset=&#8221;default&#8221; global_colors_info=&#8221;{}&#8221;][et_pb_image src=&#8221;https:\/\/www.visiomed.fr\/wp-content\/uploads\/2022\/08\/1654643391823.jpg&#8221; alt=&#8221;S\u00e9bastien Boucraut&#8221; title_text=&#8221;S\u00e9bastien Boucraut&#8221; show_bottom_space=&#8221;off&#8221; _builder_version=&#8221;4.17.6&#8243; _module_preset=&#8221;default&#8221; global_colors_info=&#8221;{}&#8221;][\/et_pb_image][\/et_pb_column][et_pb_column type=&#8221;3_4&#8243; _builder_version=&#8221;4.16&#8243; _module_preset=&#8221;default&#8221; global_colors_info=&#8221;{}&#8221;][et_pb_team_member name=&#8221;S\u00e9bastien Boucraut&#8221; position=&#8221;Independent Director&#8221; linkedin_url=&#8221;https:\/\/www.linkedin.com\/in\/sebastien-boucraut-78504314\/&#8221; icon_color=&#8221;#4C594C&#8221; _builder_version=&#8221;4.17.6&#8243; _module_preset=&#8221;default&#8221; header_font=&#8221;Outfit|700|||||||&#8221; header_text_color=&#8221;#000000&#8243; header_font_size=&#8221;18px&#8221; header_line_height=&#8221;1.1em&#8221; position_line_height=&#8221;1.8em&#8221; background_color=&#8221;#FFFFFF&#8221; custom_padding=&#8221;20px|20px|20px|20px|true|true&#8221; header_font_size_tablet=&#8221;17px&#8221; header_font_size_phone=&#8221;16px&#8221; header_font_size_last_edited=&#8221;on|desktop&#8221; global_colors_info=&#8221;{}&#8221;]<\/p>\n<p style=\"text-align: justify;\">S\u00e9bastien Boucraut has 25 years of experience in management, transformation, restructuring and business development in international business environments and in large industrial groups (including Arcelor, Neuf Cegetel, Louis Dreyfus Commodities and Webcor Group), as well as in startups operating in various sectors around the world.<\/p>\n<p>[\/et_pb_team_member][\/et_pb_column][\/et_pb_row][et_pb_row column_structure=&#8221;1_4,3_4&#8243; _builder_version=&#8221;4.16&#8243; _module_preset=&#8221;default&#8221; global_colors_info=&#8221;{}&#8221;][et_pb_column type=&#8221;1_4&#8243; _builder_version=&#8221;4.16&#8243; _module_preset=&#8221;default&#8221; global_colors_info=&#8221;{}&#8221;][et_pb_image src=&#8221;https:\/\/www.visiomed-group.com\/wp-content\/uploads\/2023\/06\/paulnsellem-2.jpg&#8221; alt=&#8221;Paul Ansellem&#8221; title_text=&#8221;paulnsellem&#8221; show_bottom_space=&#8221;off&#8221; _builder_version=&#8221;4.21.0&#8243; _module_preset=&#8221;default&#8221; global_colors_info=&#8221;{}&#8221;][\/et_pb_image][\/et_pb_column][et_pb_column type=&#8221;3_4&#8243; _builder_version=&#8221;4.16&#8243; _module_preset=&#8221;default&#8221; global_colors_info=&#8221;{}&#8221;][et_pb_team_member name=&#8221;Paul Amsellem&#8221; position=&#8221;Director&#8221; linkedin_url=&#8221;https:\/\/www.linkedin.com\/in\/paulamsellem\/&#8221; icon_color=&#8221;#4C594C&#8221; _builder_version=&#8221;4.21.0&#8243; _module_preset=&#8221;default&#8221; header_font=&#8221;Outfit|700|||||||&#8221; header_text_color=&#8221;#000000&#8243; header_font_size=&#8221;18px&#8221; header_line_height=&#8221;1.1em&#8221; position_line_height=&#8221;1.8em&#8221; background_color=&#8221;#FFFFFF&#8221; custom_padding=&#8221;20px|20px|20px|20px|true|true&#8221; header_font_size_tablet=&#8221;17px&#8221; header_font_size_phone=&#8221;16px&#8221; header_font_size_last_edited=&#8221;on|desktop&#8221; global_colors_info=&#8221;{}&#8221;]<\/p>\n<p>Paul Amsellem is a multi-entrepreneur, and one of the European pioneers of mobile technologies. He has founded, managed and sold several companies over the past 20 years. He was CEO of Adenyo Europe and Nokia France. He created, with the H\u00f4tel Dieu in Paris, the I-sommeil application, the world&#8217;s first application for detecting sleep apnea validated by a medical protocol, and is an investor in IMD Research, which specializes in medical technologies using artificial intelligence. He is co-founder of the Mobile Marketing Association in France, member of the board of Technion University and Chairman of Sirius Media (Euronext Growth).<\/p>\n<p>[\/et_pb_team_member][\/et_pb_column][\/et_pb_row][et_pb_row _builder_version=&#8221;4.16&#8243; _module_preset=&#8221;default&#8221; global_colors_info=&#8221;{}&#8221;][et_pb_column type=&#8221;4_4&#8243; _builder_version=&#8221;4.16&#8243; _module_preset=&#8221;default&#8221; global_colors_info=&#8221;{}&#8221;][et_pb_divider show_divider=&#8221;off&#8221; _builder_version=&#8221;4.17.6&#8243; _module_preset=&#8221;ce0e852d-65f7-4b50-97d9-c94701b6b484&#8243; max_width=&#8221;210px&#8221; module_alignment=&#8221;center&#8221; height=&#8221;5px&#8221; custom_margin=&#8221;-24px||30px||false|false&#8221; custom_margin_tablet=&#8221;-22px||||false|false&#8221; custom_margin_phone=&#8221;-18px||||false|false&#8221; custom_margin_last_edited=&#8221;on|phone&#8221; global_colors_info=&#8221;{}&#8221;][\/et_pb_divider][\/et_pb_column][\/et_pb_row][\/et_pb_section]<\/p>\n","protected":false},"excerpt":{"rendered":"<p>Our GovernanceA simple governance, with strong experience in structuring, strategic developments and external growth, based on efficient and transparent decision-making processes. &nbsp;Board of directorsGuillaume Bremond is a corporate finance specialist with over 12 years of experience in investment funds and investment banking. Guillaume joined Perpetua Investment Group in 2020 from UBS Investment Banking where he [&hellip;]<\/p>\n","protected":false},"author":5,"featured_media":0,"parent":0,"menu_order":0,"comment_status":"closed","ping_status":"closed","template":"","meta":{"_et_pb_use_builder":"on","_et_pb_old_content":"","_et_gb_content_width":"","footnotes":""},"class_list":["post-226462","page","type-page","status-publish","hentry"],"_links":{"self":[{"href":"https:\/\/www.visiomed-group.com\/en\/wp-json\/wp\/v2\/pages\/226462","targetHints":{"allow":["GET"]}}],"collection":[{"href":"https:\/\/www.visiomed-group.com\/en\/wp-json\/wp\/v2\/pages"}],"about":[{"href":"https:\/\/www.visiomed-group.com\/en\/wp-json\/wp\/v2\/types\/page"}],"author":[{"embeddable":true,"href":"https:\/\/www.visiomed-group.com\/en\/wp-json\/wp\/v2\/users\/5"}],"replies":[{"embeddable":true,"href":"https:\/\/www.visiomed-group.com\/en\/wp-json\/wp\/v2\/comments?post=226462"}],"version-history":[{"count":12,"href":"https:\/\/www.visiomed-group.com\/en\/wp-json\/wp\/v2\/pages\/226462\/revisions"}],"predecessor-version":[{"id":226871,"href":"https:\/\/www.visiomed-group.com\/en\/wp-json\/wp\/v2\/pages\/226462\/revisions\/226871"}],"wp:attachment":[{"href":"https:\/\/www.visiomed-group.com\/en\/wp-json\/wp\/v2\/media?parent=226462"}],"curies":[{"name":"wp","href":"https:\/\/api.w.org\/{rel}","templated":true}]}}